{"id":167,"date":"2024-09-22T10:33:22","date_gmt":"2024-09-22T10:33:22","guid":{"rendered":"https:\/\/cateringbykings.de\/?page_id=167"},"modified":"2025-07-29T17:38:28","modified_gmt":"2025-07-29T17:38:28","slug":"elementor-167","status":"publish","type":"page","link":"https:\/\/cateringbykings.de\/","title":{"rendered":"Start"},"content":{"rendered":"\t\t<div data-elementor-type=\"wp-post\" data-elementor-id=\"167\" class=\"elementor elementor-167\">\n\t\t\t\t<div class=\"elementor-element elementor-element-5d90b0d e-flex e-con-boxed e-con e-parent\" data-id=\"5d90b0d\" data-element_type=\"container\">\n\t\t\t\t\t<div class=\"e-con-inner\">\n\t\t\t\t<div class=\"elementor-element elementor-element-f043d8d elementor-widget__width-inherit elementor-widget elementor-widget-html\" data-id=\"f043d8d\" data-element_type=\"widget\" data-widget_type=\"html.default\">\n\t\t\t\t<div class=\"elementor-widget-container\">\n\t\t\t  <php\r\n\r\n\r\nget_header(); ?>   \r\n        <!-- Hero Start -->\r\n        <div class=\"container-fluid bg-light py-6 my-6 mt-0\">\r\n            <div class=\"container\">\r\n                <div class=\"row g-5 \">\r\n                    <div class=\"col-lg-7 col-md-12\">\r\n                        <small class=\"d-inline-block fw-bold text-dark text-uppercase bg-light border border-primary rounded-pill px-4 py-1 mb-4 animated bounceInDown\">Indisch-Pakistanische K\u00fcche<\/small>\r\n                        <h1 class=\"display-1 mb-4 animated bounceInDown\">Buchen Sie <br> <span class=\"text-primary\">Catering<\/span> by <span class=\"text-primary\">Kings<\/span> f\u00fcr Ihr Event<\/h1>\r\n                        <a href=\"https:\/\/cateringbykings.de\/?page_id=174\" class=\"btn btn-primary border-0 rounded-pill py-3 px-4 px-md-5 me-4 animated bounceInLeft\">Jetzt Buchen<\/a>\r\n                        <a href=\"https:\/\/cateringbykings.de\/?page_id=99\" class=\"btn btn-primary border-0 rounded-pill py-3 px-4 px-md-5 animated bounceInLeft\">\u00dcber Uns<\/a>\r\n                         <div class=\"row mt-5\">\r\n    <div class=\"col-md-12\">\r\n      <div class=\"p-4 bg-light \" >  \r\n          <p class=\"text-dark\" >\r\n            <div style=\"font-family: Helvetica; color: black; font-size: 30px; text-align: center\">Wir bieten Partyservice im Umkreis von 200km von Bielefeld f\u00fcr bis zu 500 Personen. F\u00fcr Weiteres schicken Sie uns eine Anfrage oder rufen an! <\/div> \r\n            <div style=\" padding-top: 15px; padding-left: 50px; display: flex; justify-content: center; gap: 20px; font-family: Helvetica; font-size: 26px; color: gray; font-style: italic;\">\r\n                <ul style=\"list-style-type: disc;\">\r\n                    <li>Hochzeiten<\/li>\r\n                    <li>Firmenfeiern<\/li>\r\n                    <li>Vereinsfeste<\/li>\r\n                <\/ul>\r\n                <ul style=\"list-style-type: disc; margin-right: 70px  \">\r\n                    <li>Geburtstage<\/li>\r\n                    <li>Familienfeste<\/li>\r\n                    <li>Jubil\u00e4en<\/li>\r\n                <\/ul>\r\n            <\/div>\r\n        <\/div>\r\n    <\/div>\r\n<\/div>\r\n                    <\/div>\r\n                    \r\n                    <div class=\"col-lg-5 col-md-12\">\r\n                        <img decoding=\"async\" src=\"https:\/\/cateringbykings.de\/wp-content\/uploads\/2024\/10\/MainBild1-scaled.jpg\" class=\"img-fluid rounded animated zoomIn\" alt=\"\">\r\n                    <\/div>\r\n                <\/div>\r\n            <\/div>\r\n        <\/div>\r\n        <!-- Hero End -->\r\n\r\n\r\n        <!-- Fact Start-->\r\n        <div class=\"container-fluid faqt py-6\">\r\n            <div class=\"container\">\r\n                <div class=\"row g-4 align-items-center\">\r\n                    <div class=\"col-lg-10\">\r\n                       <div class=\"row g-4\">\r\n                            <div class=\"col-sm-4 wow bounceInUp\" data-wow-delay=\"0.3s\">\r\n                                <div class=\"faqt-item bg-primary rounded p-4 text-center\">\r\n                                    <i class=\"fas fa-users fa-4x mb-4 text-white\"><\/i>\r\n                                    <h1 class=\"display-4 fw-bold\" >900+<\/h1>\r\n                                    <p class=\"text-dark text-uppercase fw-bold mb-0\">Zufriedene Kunden<\/p>\r\n                                <\/div>\r\n                            <\/div>\r\n                            <div class=\"col-sm-4 wow bounceInUp\" data-wow-delay=\"0.5s\">\r\n                                <div class=\"faqt-item bg-primary rounded p-4 text-center\">\r\n                                    <i class=\"fas fa-users-cog fa-4x mb-4 text-white\"><\/i>\r\n                                    <h1 class=\"display-4 fw-bold\">2<\/h1>\r\n                                    <p class=\"text-dark text-uppercase fw-bold mb-0\">Erfahrene K\u00f6che<\/p>\r\n                                <\/div>\r\n                            <\/div>\r\n                            <div class=\"col-sm-4 wow bounceInUp\" data-wow-delay=\"0.7s\">\r\n                                <div class=\"faqt-item bg-primary rounded p-4 text-center\">\r\n                                    <i class=\"fas fa-check fa-4x mb-4 text-white\"><\/i>\r\n                                    <h1 class=\"display-4 fw-bold\">100+<\/h1>\r\n                                    <p class=\"text-dark text-uppercase fw-bold mb-0\">Abgeschlossene Events<\/p>\r\n                                <\/div>\r\n                            <\/div>\r\n                        <\/div>\r\n                    <\/div>\r\n                <\/div>\r\n                    <div class=\"col-lg-10 wow bounceInUp\" data-wow-delay=\"0.1s\" style=\"margin-top: 30px;\">\r\n                    <div style=\"display: flex; justify-content: space-between; flex-wrap: wrap; gap: 2%;\">\r\n\t\t\t\t\t\t<video style=\"width:25%; height:100%;\" controls>\r\n\t\t\t\t\t\t\t<source src=\"\/wp-content\/uploads\/2024\/09\/FoodVD.mp4\" type=\"video\/mp4\" width>\r\n\t\t\t\t\t\t\t\tYour browser does not support the video tag.\r\n\t\t\t\t\t\t<\/video>\r\n\t\t\t\t\t\t<video style=\"width:25%; height:100%; margin: 0 10px;\" controls>\r\n\t\t\t\t\t\t\t<source src=\"\/wp-content\/uploads\/2024\/09\/FoodVD2.mp4\" type=\"video\/mp4\">\r\n\t\t\t\t\t\t\t\tYour browser does not support the video tag.\r\n\t\t\t\t\t\t<\/video>\r\n\t\t\t\t\t\t<video style=\"width:25%; height:100%; margin: 0 10px;\" controls>\r\n\t\t\t\t\t\t\t<source src=\"\/wp-content\/uploads\/2025\/07\/WhatsApp-Video-2025-07-29-um-17.33.38_e12f7512.mp4\">\r\n\t\t\t\t\t\t\t\tYour browser does not support the video tag.\r\n\t\t\t\t\t\t<\/video>\r\n\t\t\t\t\t  <\/div>\r\n                    <\/div>\r\n                <\/div>\r\n            <\/div>\r\n        <\/div>\r\n               <\/div>\r\n               <\/div>\r\n <?php get_footer(); ?>\t\t<\/div>\n\t\t\t\t<\/div>\n\t\t\t\t\t<\/div>\n\t\t\t\t<\/div>\n\t\t\t\t<\/div>\n\t\t","protected":false},"excerpt":{"rendered":"<p>Indisch-Pakistanische K\u00fcche Buchen Sie Catering by Kings f\u00fcr Ihr Event Jetzt Buchen \u00dcber Uns Wir bieten Partyservice im Umkreis von 200km von Bielefeld f\u00fcr bis zu 500 Personen. F\u00fcr Weiteres schicken Sie uns eine Anfrage oder rufen an! Hochzeiten Firmenfeiern Vereinsfeste Geburtstage Familienfeste Jubil\u00e4en 900+ Zufriedene Kunden 2 Erfahrene K\u00f6che 100+ Abgeschlossene Events Your browser [&hellip;]<\/p>\n","protected":false},"author":1,"featured_media":0,"parent":0,"menu_order":0,"comment_status":"closed","ping_status":"closed","template":"","meta":{"_coblocks_attr":"","_coblocks_dimensions":"","_coblocks_responsive_height":"","_coblocks_accordion_ie_support":"","footnotes":""},"class_list":["post-167","page","type-page","status-publish","hentry"],"_links":{"self":[{"href":"https:\/\/cateringbykings.de\/index.php?rest_route=\/wp\/v2\/pages\/167","targetHints":{"allow":["GET"]}}],"collection":[{"href":"https:\/\/cateringbykings.de\/index.php?rest_route=\/wp\/v2\/pages"}],"about":[{"href":"https:\/\/cateringbykings.de\/index.php?rest_route=\/wp\/v2\/types\/page"}],"author":[{"embeddable":true,"href":"https:\/\/cateringbykings.de\/index.php?rest_route=\/wp\/v2\/users\/1"}],"replies":[{"embeddable":true,"href":"https:\/\/cateringbykings.de\/index.php?rest_route=%2Fwp%2Fv2%2Fcomments&post=167"}],"version-history":[{"count":199,"href":"https:\/\/cateringbykings.de\/index.php?rest_route=\/wp\/v2\/pages\/167\/revisions"}],"predecessor-version":[{"id":764,"href":"https:\/\/cateringbykings.de\/index.php?rest_route=\/wp\/v2\/pages\/167\/revisions\/764"}],"wp:attachment":[{"href":"https:\/\/cateringbykings.de\/index.php?rest_route=%2Fwp%2Fv2%2Fmedia&parent=167"}],"curies":[{"name":"wp","href":"https:\/\/api.w.org\/{rel}","templated":true}]}}